{"id":1023,"date":"2025-09-05T12:19:59","date_gmt":"2025-09-05T10:19:59","guid":{"rendered":"https:\/\/marionateliercouture.fr\/?page_id=1023"},"modified":"2025-09-05T12:22:30","modified_gmt":"2025-09-05T10:22:30","slug":"collectivites-et-entreprise","status":"publish","type":"page","link":"https:\/\/marionateliercouture.fr\/index.php\/collectivites-et-entreprise\/","title":{"rendered":"Collectivit\u00e9s et Entreprises"},"content":{"rendered":"\n<h2 class=\"wp-block-heading\"><strong>COLLECTIVITE<\/strong> <\/h2>\n\n\n\n<p>Vous avez une association ou g\u00e9rez une collectivit\u00e9 et vous souhaitez d\u00e9velopper des activit\u00e9s cr\u00e9atives et manuelles pour vous adh\u00e9rents?<\/p>\n\n\n\n<p>Chez moi, vous pouvez choisir parmi plusieurs activit\u00e9s autour de l&rsquo;art du fils. Couture, Broderie, Sashiko, Tricot&#8230; Je m&rsquo;adapte afin de permettre \u00e0 vos adh\u00e9rents de d\u00e9couvrir la pratique que vous souhaitez!<\/p>\n\n\n\n<p>Les ateliers sont adapt\u00e9s \u00e0 tous les niveaux et tous les \u00e2ges! Vous choisissez la dur\u00e9e, la fr\u00e9quence et je me d\u00e9place dans vos locaux pour plus de flexibilit\u00e9.<\/p>\n\n\n\n<p>Pour tous renseignements, contactez moi via la page <a href=\"https:\/\/marionateliercouture.fr\/index.php\/reservation\/\">r\u00e9servation<\/a>, soit par mail sur marion.atelier.couture@gmail.com!<\/p>\n\n\n\n<h2 class=\"wp-block-heading\"><strong>ENTREPRISE\/CE<\/strong><\/h2>\n\n\n\n<p>Vous souhaitez offrir \u00e0 vos \u00e9quipes des moments de partages et de d\u00e9tentes ? pourquoi ne pas opter pour des Ateliers Cr\u00e9atifs?<\/p>\n\n\n\n<p>Je me d\u00e9place directement dans vos locaux avec tout le mat\u00e9riel n\u00e9cessaire \u00e0 l&rsquo;atelier. Vous choisissez l&rsquo;activit\u00e9 et la dur\u00e9e, je m&rsquo;occupe du reste!<\/p>\n\n\n\n<p>Que ce soit de la Broderie, du Sashiko, de la couture et le travail de la laine, je m&rsquo;adapte \u00e0 vos demandes et au niveau des participants!<\/p>\n\n\n\n<p>Pour en savoir plus, n&rsquo;h\u00e9sitez pas \u00e0 me contacter via la page <a href=\"https:\/\/marionateliercouture.fr\/index.php\/reservation\/\">R\u00e9servation <\/a>ou bien par mail sur marion.atelier.couture@gmail.com.<\/p>\n","protected":false},"excerpt":{"rendered":"<p>COLLECTIVITE Vous avez une association ou g\u00e9rez une collectivit\u00e9 et vous souhaitez d\u00e9velopper des activit\u00e9s cr\u00e9atives et manuelles pour vous adh\u00e9rents? Chez moi, vous pouvez &hellip; <\/p>\n","protected":false},"author":1,"featured_media":0,"parent":0,"menu_order":0,"comment_status":"closed","ping_status":"closed","template":"","meta":{"footnotes":""},"class_list":["post-1023","page","type-page","status-publish","hentry","latest_post"],"jetpack_sharing_enabled":true,"jetpack_likes_enabled":true,"_links":{"self":[{"href":"https:\/\/marionateliercouture.fr\/index.php\/wp-json\/wp\/v2\/pages\/1023","targetHints":{"allow":["GET"]}}],"collection":[{"href":"https:\/\/marionateliercouture.fr\/index.php\/wp-json\/wp\/v2\/pages"}],"about":[{"href":"https:\/\/marionateliercouture.fr\/index.php\/wp-json\/wp\/v2\/types\/page"}],"author":[{"embeddable":true,"href":"https:\/\/marionateliercouture.fr\/index.php\/wp-json\/wp\/v2\/users\/1"}],"replies":[{"embeddable":true,"href":"https:\/\/marionateliercouture.fr\/index.php\/wp-json\/wp\/v2\/comments?post=1023"}],"version-history":[{"count":2,"href":"https:\/\/marionateliercouture.fr\/index.php\/wp-json\/wp\/v2\/pages\/1023\/revisions"}],"predecessor-version":[{"id":1026,"href":"https:\/\/marionateliercouture.fr\/index.php\/wp-json\/wp\/v2\/pages\/1023\/revisions\/1026"}],"wp:attachment":[{"href":"https:\/\/marionateliercouture.fr\/index.php\/wp-json\/wp\/v2\/media?parent=1023"}],"curies":[{"name":"wp","href":"https:\/\/api.w.org\/{rel}","templated":true}]}}