{"id":606,"date":"2023-07-06T15:52:30","date_gmt":"2023-07-06T13:52:30","guid":{"rendered":"http:\/\/marionateliercouture.fr\/?page_id=606"},"modified":"2025-08-07T15:20:42","modified_gmt":"2025-08-07T13:20:42","slug":"les-ateliers","status":"publish","type":"page","link":"https:\/\/marionateliercouture.fr\/index.php\/les-ateliers\/","title":{"rendered":"Les Ateliers"},"content":{"rendered":"\n<h2 class=\"wp-block-heading\">HAPPY TRICOT \/ TRICOT&rsquo;THE<\/h2>\n\n\n\n<div class=\"wp-block-media-text alignwide is-stacked-on-mobile\" style=\"grid-template-columns:29% auto\"><figure class=\"wp-block-media-text__media\"><img loading=\"lazy\" decoding=\"async\" width=\"768\" height=\"768\" src=\"http:\/\/marionateliercouture.fr\/wp-content\/uploads\/2024\/01\/09289413-e38e-49ef-b889-5c5a769deb5e.png\" alt=\"\" class=\"wp-image-866 size-full\" srcset=\"https:\/\/marionateliercouture.fr\/wp-content\/uploads\/2024\/01\/09289413-e38e-49ef-b889-5c5a769deb5e.png 768w, https:\/\/marionateliercouture.fr\/wp-content\/uploads\/2024\/01\/09289413-e38e-49ef-b889-5c5a769deb5e-300x300.png 300w, https:\/\/marionateliercouture.fr\/wp-content\/uploads\/2024\/01\/09289413-e38e-49ef-b889-5c5a769deb5e-150x150.png 150w, https:\/\/marionateliercouture.fr\/wp-content\/uploads\/2024\/01\/09289413-e38e-49ef-b889-5c5a769deb5e-60x60.png 60w, https:\/\/marionateliercouture.fr\/wp-content\/uploads\/2024\/01\/09289413-e38e-49ef-b889-5c5a769deb5e-600x600.png 600w, https:\/\/marionateliercouture.fr\/wp-content\/uploads\/2024\/01\/09289413-e38e-49ef-b889-5c5a769deb5e-100x100.png 100w\" sizes=\"auto, (max-width: 768px) 100vw, 768px\" \/><\/figure><div class=\"wp-block-media-text__content\">\n<p>Sur l\u2019esprit d\u2019un \u00ab&nbsp;Happy Hour&nbsp;\u00bb mais version tricot, venez apprendre, passer un bon moment, vous perfectionner, rigoler\u2026. bref, ce que vous voulez, autour du tricot et d\u2019un petit verre avec grignotage compris! <\/p>\n\n\n\n<p>L\u2019atelier est ouvert \u00e0 tous, tous niveaux confondus, le mot d\u2019ordre \u00e9tant de vous accorder un petit moment pour vous!<\/p>\n\n\n\n<p>Les ateliers ont une dur\u00e9e de 2h pour des groupes de 8 personnes maximum. <\/p>\n<\/div><\/div>\n\n\n\n<h2 class=\"wp-block-heading\">Le SASHIKO          <\/h2>\n\n\n\n<div class=\"wp-block-media-text alignwide is-stacked-on-mobile\" style=\"grid-template-columns:29% auto\"><figure class=\"wp-block-media-text__media\"><img loading=\"lazy\" decoding=\"async\" width=\"1024\" height=\"821\" src=\"http:\/\/marionateliercouture.fr\/wp-content\/uploads\/2023\/07\/IMG_8978-2-1024x821.jpg\" alt=\"\" class=\"wp-image-637 size-full\" srcset=\"https:\/\/marionateliercouture.fr\/wp-content\/uploads\/2023\/07\/IMG_8978-2-1024x821.jpg 1024w, https:\/\/marionateliercouture.fr\/wp-content\/uploads\/2023\/07\/IMG_8978-2-scaled-600x481.jpg 600w, https:\/\/marionateliercouture.fr\/wp-content\/uploads\/2023\/07\/IMG_8978-2-300x241.jpg 300w, https:\/\/marionateliercouture.fr\/wp-content\/uploads\/2023\/07\/IMG_8978-2-768x616.jpg 768w, https:\/\/marionateliercouture.fr\/wp-content\/uploads\/2023\/07\/IMG_8978-2-1536x1232.jpg 1536w, https:\/\/marionateliercouture.fr\/wp-content\/uploads\/2023\/07\/IMG_8978-2-2048x1643.jpg 2048w, https:\/\/marionateliercouture.fr\/wp-content\/uploads\/2023\/07\/IMG_8978-2-75x60.jpg 75w\" sizes=\"auto, (max-width: 1024px) 100vw, 1024px\" \/><\/figure><div class=\"wp-block-media-text__content\">\n<p>Quoi, qu\u00e9saco??? Vous ne connaissez peut \u00eatre pas le nom mais vous en avez surement d\u00e9j\u00e0 vu, il s&rsquo;agit d&rsquo;une broderie japonaise traditionnelle. Ayant initialement un but utilitaire, on la retrouve aujourd&rsquo;hui principalement pour son esth\u00e9tisme. Bas\u00e9e sur des formes majoritairement g\u00e9om\u00e9triques, c&rsquo;est une technique parfaite pour s&rsquo;initier \u00e0 la broderie. Exit la r\u00e9putation vieillotte de la broderie classique, le \u00ab\u00a0Sashiko\u00a0\u00bb insuffle un vent de modernit\u00e9.<\/p>\n<\/div><\/div>\n\n\n\n<div class=\"wp-block-media-text alignwide has-media-on-the-right is-stacked-on-mobile\" style=\"grid-template-columns:auto 28%\"><div class=\"wp-block-media-text__content\">\n<p>Je vous propose donc, tout au long de l&rsquo;ann\u00e9e, des ateliers qui vous permettrons d&rsquo;explorer l&rsquo;ensemble de l&rsquo;univers \u00ab\u00a0Sashiko\u00a0\u00bb. Vous voulez juste tester? vous trouverez sur place des mod\u00e8les parfaits pour commencer! Vous y avez d\u00e9j\u00e0 pris go\u00fbt? venez trouver de l&rsquo;inspiration et des conseils pour r\u00e9aliser vos propres projets et\/ou personnaliser tout ce que vous souhaitez!<\/p>\n\n\n\n<p>Les ateliers ont une dur\u00e9e de 2h pour des groupes de 8 personnes maximum. <\/p>\n<\/div><figure class=\"wp-block-media-text__media\"><img loading=\"lazy\" decoding=\"async\" width=\"1024\" height=\"885\" src=\"http:\/\/marionateliercouture.fr\/wp-content\/uploads\/2023\/07\/E64D8971-922A-416D-BFC9-C7DDE2F7F84C-1024x885.jpg\" alt=\"\" class=\"wp-image-635 size-full\" srcset=\"https:\/\/marionateliercouture.fr\/wp-content\/uploads\/2023\/07\/E64D8971-922A-416D-BFC9-C7DDE2F7F84C-1024x885.jpg 1024w, https:\/\/marionateliercouture.fr\/wp-content\/uploads\/2023\/07\/E64D8971-922A-416D-BFC9-C7DDE2F7F84C-600x519.jpg 600w, https:\/\/marionateliercouture.fr\/wp-content\/uploads\/2023\/07\/E64D8971-922A-416D-BFC9-C7DDE2F7F84C-300x259.jpg 300w, https:\/\/marionateliercouture.fr\/wp-content\/uploads\/2023\/07\/E64D8971-922A-416D-BFC9-C7DDE2F7F84C-768x664.jpg 768w, https:\/\/marionateliercouture.fr\/wp-content\/uploads\/2023\/07\/E64D8971-922A-416D-BFC9-C7DDE2F7F84C-69x60.jpg 69w, https:\/\/marionateliercouture.fr\/wp-content\/uploads\/2023\/07\/E64D8971-922A-416D-BFC9-C7DDE2F7F84C.jpg 1120w\" sizes=\"auto, (max-width: 1024px) 100vw, 1024px\" \/><\/figure><\/div>\n\n\n\n<p><\/p>\n\n\n\n<h2 class=\"wp-block-heading\">Les Ateliers Th\u00e9matiques<\/h2>\n\n\n\n<p>Parce que la couture ne se limite pas qu&rsquo;\u00e0 l&rsquo;utilisation d&rsquo;une machine \u00e0 coudre, je vous propose, tout au long de l&rsquo;ann\u00e9e des ateliers th\u00e9matiques. <\/p>\n\n\n\n<h4 class=\"wp-block-heading\">\u00c0 la d\u00e9couverte des tissus<\/h4>\n\n\n\n<div class=\"wp-block-media-text alignwide is-stacked-on-mobile\" style=\"grid-template-columns:24% auto\"><figure class=\"wp-block-media-text__media\"><img loading=\"lazy\" decoding=\"async\" width=\"942\" height=\"740\" src=\"https:\/\/marionateliercouture.fr\/wp-content\/uploads\/2023\/07\/Capture-decran-2023-07-06-a-18.33.11.png\" alt=\"\" class=\"wp-image-641 size-full\" srcset=\"https:\/\/marionateliercouture.fr\/wp-content\/uploads\/2023\/07\/Capture-decran-2023-07-06-a-18.33.11.png 942w, https:\/\/marionateliercouture.fr\/wp-content\/uploads\/2023\/07\/Capture-decran-2023-07-06-a-18.33.11-600x471.png 600w, https:\/\/marionateliercouture.fr\/wp-content\/uploads\/2023\/07\/Capture-decran-2023-07-06-a-18.33.11-300x236.png 300w, https:\/\/marionateliercouture.fr\/wp-content\/uploads\/2023\/07\/Capture-decran-2023-07-06-a-18.33.11-768x603.png 768w, https:\/\/marionateliercouture.fr\/wp-content\/uploads\/2023\/07\/Capture-decran-2023-07-06-a-18.33.11-76x60.png 76w\" sizes=\"auto, (max-width: 942px) 100vw, 942px\" \/><\/figure><div class=\"wp-block-media-text__content\">\n<p>Le bon choix du tissu est extr\u00eamement important dans la couture. M\u00eame si l&rsquo;on suit les conseils indiqu\u00e9s sur les patrons, il est parfois difficile de faire le bon choix. Entre les tissus fluides, \u00e9pais, plombants, extensibles&#8230;. bref, c&rsquo;est tout un monde! Apr\u00e8s cet atelier, vous serez par\u00e9e!!<\/p>\n<\/div><\/div>\n\n\n\n<p><\/p>\n\n\n\n<h4 class=\"wp-block-heading\">La Machine \u00e0 Coudre<\/h4>\n\n\n\n<div class=\"wp-block-media-text alignwide is-stacked-on-mobile\" style=\"grid-template-columns:24% auto\"><figure class=\"wp-block-media-text__media\"><img loading=\"lazy\" decoding=\"async\" width=\"834\" height=\"674\" src=\"https:\/\/marionateliercouture.fr\/wp-content\/uploads\/2023\/07\/Capture-decran-2023-07-06-a-18.35.09.png\" alt=\"\" class=\"wp-image-643 size-full\" srcset=\"https:\/\/marionateliercouture.fr\/wp-content\/uploads\/2023\/07\/Capture-decran-2023-07-06-a-18.35.09.png 834w, https:\/\/marionateliercouture.fr\/wp-content\/uploads\/2023\/07\/Capture-decran-2023-07-06-a-18.35.09-600x485.png 600w, https:\/\/marionateliercouture.fr\/wp-content\/uploads\/2023\/07\/Capture-decran-2023-07-06-a-18.35.09-300x242.png 300w, https:\/\/marionateliercouture.fr\/wp-content\/uploads\/2023\/07\/Capture-decran-2023-07-06-a-18.35.09-768x621.png 768w, https:\/\/marionateliercouture.fr\/wp-content\/uploads\/2023\/07\/Capture-decran-2023-07-06-a-18.35.09-74x60.png 74w\" sizes=\"auto, (max-width: 834px) 100vw, 834px\" \/><\/figure><div class=\"wp-block-media-text__content\">\n<p>Vous avez r\u00e9cup\u00e9rer la machine de Tata Germaine mais vous ne savez pas vous en servir? Vous voulez en avoir une mais vous voulez d&rsquo;abord vous faire une id\u00e9e? Cet atelier vous permettra \u00e0 la fois de faire vos premiers pas avec une machine d\u00e9j\u00e0 sur place ou bien avec celle que vous am\u00e8nerez. De plus, je vous expliquerai les secrets de son fonctionnement ainsi que les fonctions indispensables pour votre pratique de la couture!<\/p>\n<\/div><\/div>\n\n\n\n<p><\/p>\n\n\n\n<h4 class=\"wp-block-heading\">La Surjeteuse<\/h4>\n\n\n\n<div class=\"wp-block-media-text alignwide is-stacked-on-mobile\" style=\"grid-template-columns:24% auto\"><figure class=\"wp-block-media-text__media\"><img loading=\"lazy\" decoding=\"async\" width=\"824\" height=\"696\" src=\"https:\/\/marionateliercouture.fr\/wp-content\/uploads\/2023\/07\/Capture-decran-2023-07-06-a-18.36.27-1.png\" alt=\"\" class=\"wp-image-645 size-full\" srcset=\"https:\/\/marionateliercouture.fr\/wp-content\/uploads\/2023\/07\/Capture-decran-2023-07-06-a-18.36.27-1.png 824w, https:\/\/marionateliercouture.fr\/wp-content\/uploads\/2023\/07\/Capture-decran-2023-07-06-a-18.36.27-1-600x507.png 600w, https:\/\/marionateliercouture.fr\/wp-content\/uploads\/2023\/07\/Capture-decran-2023-07-06-a-18.36.27-1-300x253.png 300w, https:\/\/marionateliercouture.fr\/wp-content\/uploads\/2023\/07\/Capture-decran-2023-07-06-a-18.36.27-1-768x649.png 768w, https:\/\/marionateliercouture.fr\/wp-content\/uploads\/2023\/07\/Capture-decran-2023-07-06-a-18.36.27-1-71x60.png 71w\" sizes=\"auto, (max-width: 824px) 100vw, 824px\" \/><\/figure><div class=\"wp-block-media-text__content\">\n<p>C&rsquo;est la meilleure amie de la machine \u00e0 coudre!! Cette machine fait souvent peur \u00e0 l&rsquo;utilisation que l&rsquo;on imagine complexe, surement du fait de toutes ses bobines de fils et ses multiples aiguilles&#8230; Mais quelle fausse id\u00e9e!!!!! Venez apprendre \u00e0 dompter cette machine qui vous permettra non seulement d&rsquo;avoir des finitions parfaites, mais \u00e9galement de coudre des tissus extensibles comme jamais. C&rsquo;est bien simple, une fois que vous l&rsquo;aurez essay\u00e9, vous ne pourrez plus vous en passer!<\/p>\n<\/div><\/div>\n\n\n\n<p><\/p>\n\n\n\n<h4 class=\"wp-block-heading\">La couture main<\/h4>\n\n\n\n<div class=\"wp-block-media-text alignwide is-stacked-on-mobile\" style=\"grid-template-columns:25% auto\"><figure class=\"wp-block-media-text__media\"><img loading=\"lazy\" decoding=\"async\" width=\"836\" height=\"766\" src=\"http:\/\/marionateliercouture.fr\/wp-content\/uploads\/2023\/07\/Capture-decran-2023-07-07-a-14.15.03.png\" alt=\"\" class=\"wp-image-649 size-full\" srcset=\"https:\/\/marionateliercouture.fr\/wp-content\/uploads\/2023\/07\/Capture-decran-2023-07-07-a-14.15.03.png 836w, https:\/\/marionateliercouture.fr\/wp-content\/uploads\/2023\/07\/Capture-decran-2023-07-07-a-14.15.03-600x550.png 600w, https:\/\/marionateliercouture.fr\/wp-content\/uploads\/2023\/07\/Capture-decran-2023-07-07-a-14.15.03-300x275.png 300w, https:\/\/marionateliercouture.fr\/wp-content\/uploads\/2023\/07\/Capture-decran-2023-07-07-a-14.15.03-768x704.png 768w, https:\/\/marionateliercouture.fr\/wp-content\/uploads\/2023\/07\/Capture-decran-2023-07-07-a-14.15.03-65x60.png 65w\" sizes=\"auto, (max-width: 836px) 100vw, 836px\" \/><\/figure><div class=\"wp-block-media-text__content\">\n<p>Parce que non, il n&rsquo;y a pas que la machine \u00e0 coudre et ses copines&#8230; Bah oui, \u00e7a peut para\u00eetre b\u00eate mais on n&rsquo;a pas attendu leur invention pour s&rsquo;habiller!!! Eh oui, la base de la base, c&rsquo;est les points de couture main, m\u00eame si on les utilise beaucoup moins qu&rsquo;avant. Dans cet atelier, vous apprendrez comment r\u00e9aliser les points de b\u00e2ti, avant, arri\u00e8re, de gla\u00e7age, de bagage, invisible&#8230; bref, tout un nouveau monde s&rsquo;ouvrira \u00e0 vous!<\/p>\n<\/div><\/div>\n\n\n\n<p><\/p>\n\n\n\n<p>^<\/p>\n\n\n\n<p class=\"has-text-align-center\">Information super importante, le lieu!!! L&rsquo;atelier est situ\u00e9 au :<\/p>\n\n\n\n<p class=\"has-text-align-center\">181 route des Creuses (Seynod), 74600 ANNECY<\/p>\n\n\n\n<p class=\"has-text-align-center\">Premi\u00e8re maison de l&rsquo;impasse, en face du Leclerc de CRAN-GEVRIER<\/p>\n\n\n\n<p class=\"has-text-align-center\">Pour toutes questions, n&rsquo;h\u00e9sitez surtout pas \u00e0 me contacter!!<\/p>\n","protected":false},"excerpt":{"rendered":"<p>HAPPY TRICOT \/ TRICOT&rsquo;THE Sur l\u2019esprit d\u2019un \u00ab&nbsp;Happy Hour&nbsp;\u00bb mais version tricot, venez apprendre, passer un bon moment, vous perfectionner, rigoler\u2026. bref, ce que vous &hellip; <\/p>\n","protected":false},"author":1,"featured_media":0,"parent":0,"menu_order":0,"comment_status":"closed","ping_status":"closed","template":"","meta":{"footnotes":""},"class_list":["post-606","page","type-page","status-publish","hentry","latest_post"],"jetpack_sharing_enabled":true,"jetpack_likes_enabled":true,"_links":{"self":[{"href":"https:\/\/marionateliercouture.fr\/index.php\/wp-json\/wp\/v2\/pages\/606","targetHints":{"allow":["GET"]}}],"collection":[{"href":"https:\/\/marionateliercouture.fr\/index.php\/wp-json\/wp\/v2\/pages"}],"about":[{"href":"https:\/\/marionateliercouture.fr\/index.php\/wp-json\/wp\/v2\/types\/page"}],"author":[{"embeddable":true,"href":"https:\/\/marionateliercouture.fr\/index.php\/wp-json\/wp\/v2\/users\/1"}],"replies":[{"embeddable":true,"href":"https:\/\/marionateliercouture.fr\/index.php\/wp-json\/wp\/v2\/comments?post=606"}],"version-history":[{"count":12,"href":"https:\/\/marionateliercouture.fr\/index.php\/wp-json\/wp\/v2\/pages\/606\/revisions"}],"predecessor-version":[{"id":985,"href":"https:\/\/marionateliercouture.fr\/index.php\/wp-json\/wp\/v2\/pages\/606\/revisions\/985"}],"wp:attachment":[{"href":"https:\/\/marionateliercouture.fr\/index.php\/wp-json\/wp\/v2\/media?parent=606"}],"curies":[{"name":"wp","href":"https:\/\/api.w.org\/{rel}","templated":true}]}}