{"id":608,"date":"2023-07-05T19:31:40","date_gmt":"2023-07-05T17:31:40","guid":{"rendered":"http:\/\/marionateliercouture.fr\/?page_id=608"},"modified":"2024-06-14T11:38:19","modified_gmt":"2024-06-14T09:38:19","slug":"les-tarifs","status":"publish","type":"page","link":"https:\/\/marionateliercouture.fr\/index.php\/les-tarifs\/","title":{"rendered":"Les Tarifs"},"content":{"rendered":"\n<h2 class=\"wp-block-heading\">Cours Individuels<\/h2>\n\n\n\n<p>\u00c0 vous de choisir la dur\u00e9e et la fr\u00e9quence des cours!! Les cours individuels peuvent se d\u00e9rouler du Lundi au Samedi, hors plages horaires des cours collectifs et ateliers consultable sur le <a href=\"https:\/\/marionateliercouture.fr\/index.php\/calendrier\/\">calendrier<\/a>.<\/p>\n\n\n\n<figure class=\"wp-block-table aligncenter\"><table><tbody><tr><td class=\"has-text-align-center\" data-align=\"center\">        <strong>Dur\u00e9e<\/strong> <strong>du cours  <\/strong>      <\/td><td class=\"has-text-align-center\" data-align=\"center\">               <strong>Tarif<\/strong>                <\/td><\/tr><tr><td class=\"has-text-align-center\" data-align=\"center\">1H<\/td><td class=\"has-text-align-center\" data-align=\"center\">20 \u20ac <\/td><\/tr><tr><td class=\"has-text-align-center\" data-align=\"center\">2H<\/td><td class=\"has-text-align-center\" data-align=\"center\">38 \u20ac <\/td><\/tr><tr><td class=\"has-text-align-center\" data-align=\"center\">3H<\/td><td class=\"has-text-align-center\" data-align=\"center\">50 \u20ac<\/td><\/tr><\/tbody><\/table><\/figure>\n\n\n\n<h2 class=\"wp-block-heading\">Cours Collectifs<\/h2>\n\n\n\n<p>Les cr\u00e9neaux des cours collectifs sont disponibles sur le <a href=\"https:\/\/marionateliercouture.fr\/index.php\/calendrier\/\">calendrier<\/a>.<\/p>\n\n\n\n<h3 class=\"wp-block-heading\">Cours enfants<\/h3>\n\n\n\n<p>Les cours collectifs enfants ont une dur\u00e9e de 1H30. Ils se d\u00e9roulent de septembre \u00e0 juin inclu, hors vacances scolaires, sur la journ\u00e9e du mercredi. Deux cr\u00e9neaux vous sont propos\u00e9s sur la semaine, consultables sur le calendrier. L&rsquo;abonnement 15 cours correspond \u00e0 une fr\u00e9quence d&rsquo;un atelier toutes les deux semaines, et le 30 cours \u00e0 un atelier par semaine. La r\u00e9servation se fait via le <a href=\"https:\/\/marionateliercouture.fr\/index.php\/reservation\/\">formulaire<\/a>.<\/p>\n\n\n\n<div class=\"wp-block-columns is-layout-flex wp-container-core-columns-is-layout-9d6595d7 wp-block-columns-is-layout-flex\">\n<div class=\"wp-block-column is-layout-flow wp-block-column-is-layout-flow\" style=\"flex-basis:100%\">\n<div class=\"wp-block-group\"><div class=\"wp-block-group__inner-container is-layout-constrained wp-block-group-is-layout-constrained\">\n<figure class=\"wp-block-table\"><table><tbody><tr><td class=\"has-text-align-center\" data-align=\"center\"><strong>Options<\/strong><\/td><td class=\"has-text-align-center\" data-align=\"center\"><strong>Tarif<\/strong><\/td><\/tr><tr><td class=\"has-text-align-center\" data-align=\"center\">Paiement au cours<\/td><td class=\"has-text-align-center\" data-align=\"center\">20 \u20ac<\/td><\/tr><tr><td class=\"has-text-align-center\" data-align=\"center\">Abonnement 15 cours <\/td><td class=\"has-text-align-center\" data-align=\"center\">270 \u20ac<sup>*<\/sup><\/td><\/tr><tr><td class=\"has-text-align-center\" data-align=\"center\">Abonnement 30 cours<\/td><td class=\"has-text-align-center\" data-align=\"center\">480 \u20ac<sup>**<\/sup><\/td><\/tr><\/tbody><\/table><figcaption class=\"wp-element-caption\">* correspond \u00e0 une remise de 10% sur le prix de base de 15 cours \/ ** correspond \u00e0 une remise de 20% sur le prix de base de 30 cours \/\/ Possibilit\u00e9 de payer en une fois ou en mensualit\u00e9 sur 10 mois<\/figcaption><\/figure>\n<\/div><\/div>\n<\/div>\n<\/div>\n\n\n\n<p><\/p>\n\n\n\n<h3 class=\"wp-block-heading\">Cours adultes<\/h3>\n\n\n\n<p>Les cours collectifs adultes ont une dur\u00e9e de 3H en journ\u00e9e et 2H en fin d&rsquo;apr\u00e8s-midi. Ils se d\u00e9roulent de septembre \u00e0 juin inclus, hors vacances scolaires. Plusieurs cr\u00e9neaux vous sont propos\u00e9s sur la semaine, consultables sur le calendrier. Les ateliers sont pr\u00e9vus sur la fr\u00e9quence d&rsquo;une session par semaine pour l&rsquo;abonnement 30 cours et toutes les 2 semaines pour l&rsquo;abonnement 15 cours. La r\u00e9servation se fait via le <a href=\"https:\/\/marionateliercouture.fr\/index.php\/reservation\/\">formulaire<\/a>.<\/p>\n\n\n\n<div class=\"wp-block-columns is-layout-flex wp-container-core-columns-is-layout-9d6595d7 wp-block-columns-is-layout-flex\">\n<div class=\"wp-block-column is-layout-flow wp-block-column-is-layout-flow\" style=\"flex-basis:100%\">\n<div class=\"wp-block-columns is-layout-flex wp-container-core-columns-is-layout-9d6595d7 wp-block-columns-is-layout-flex\">\n<div class=\"wp-block-column is-layout-flow wp-block-column-is-layout-flow\" style=\"flex-basis:100%\">\n<div class=\"wp-block-group\"><div class=\"wp-block-group__inner-container is-layout-constrained wp-block-group-is-layout-constrained\">\n<figure class=\"wp-block-table is-style-regular\"><table><tbody><tr><td class=\"has-text-align-center\" data-align=\"center\"><strong>Options<\/strong><\/td><td class=\"has-text-align-center\" data-align=\"center\"><strong>Tarif<\/strong><\/td><\/tr><tr><td class=\"has-text-align-center\" data-align=\"center\">Paiement au cours<\/td><td class=\"has-text-align-center\" data-align=\"center\">40 \u20ac l&rsquo;atelier 3h<br>30 \u20ac l&rsquo;atelier 2h<\/td><\/tr><tr><td class=\"has-text-align-center\" data-align=\"center\">Abonnement de 15 cours annuels <\/td><td class=\"has-text-align-center\" data-align=\"center\">540 \u20ac<sup>*<\/sup> (Ateliers 3h)<br>405 \u20ac* (Ateliers 2h)<\/td><\/tr><tr><td class=\"has-text-align-center\" data-align=\"center\">Abonnement de 30 cours annuels<\/td><td class=\"has-text-align-center\" data-align=\"center\">960 \u20ac<sup>**<\/sup> (Ateliers 3h)<br>720 \u20ac** (Ateliers 2h)<\/td><\/tr><\/tbody><\/table><figcaption class=\"wp-element-caption\">* correspond \u00e0 une remise de 10% sur le prix de base de 15 cours \/ ** correspond \u00e0 une remise de 20% sur le prix de base de 30 cours \/ \/ Possibilit\u00e9 de payer en une fois ou en mensualit\u00e9 sur 10 mois<\/figcaption><\/figure>\n<\/div><\/div>\n<\/div>\n<\/div>\n<\/div>\n<\/div>\n\n\n\n<h2 class=\"wp-block-heading\">Les Ateliers<\/h2>\n\n\n\n<p>Les Ateliers ont une dur\u00e9e de 2h. <\/p>\n\n\n\n<p>Les ateliers \u00ab\u00a0Happy Tricot\u00a0\u00bb, \u00ab\u00a0Tricot&rsquo;Th\u00e9\u00a0\u00bb et les Ateliers \u00ab\u00a0Sashiko\u00a0\u00bb sont pr\u00e9vus avec une fr\u00e9quence de 2 s\u00e9ances par mois environs, soit 18 ateliers sur l&rsquo;ann\u00e9e. Concernant les Ateliers th\u00e9matiques, ils sont pr\u00e9vus g\u00e9n\u00e9ralement avec une fr\u00e9quence d&rsquo;un par mois. Si vous ne trouvez pas votre bonheur dans la programmation pr\u00e9vue sur le calendrier, n&rsquo;h\u00e9sitez surtout pas \u00e0 m&rsquo;en faire part par mail et je mettrai tout en oeuvre pour y rem\u00e9dier!!!<\/p>\n\n\n\n<p>Possibilit\u00e9 de prendre les Ateliers Sashiko \u00e0 l&rsquo;unit\u00e9 ou \u00e0 l&rsquo;ann\u00e9e. La r\u00e9servation se fait via la page <a href=\"https:\/\/marionateliercouture.fr\/index.php\/reservation\/\">formulaire<\/a>.<\/p>\n\n\n\n<p><\/p>\n\n\n\n<figure class=\"wp-block-table\"><table><tbody><tr><td class=\"has-text-align-center\" data-align=\"center\"><strong>Options<\/strong><\/td><td class=\"has-text-align-center\" data-align=\"center\"><strong>Tarif<\/strong><\/td><\/tr><tr><td class=\"has-text-align-center\" data-align=\"center\">Happy Tricot \/ Tricot&rsquo;Th\u00e9<br>(\u00e0 l&rsquo;unit\u00e9 et sans engagement)<\/td><td class=\"has-text-align-center\" data-align=\"center\">15 \u20ac<\/td><\/tr><tr><td class=\"has-text-align-center\" data-align=\"center\">Paiement \u00e0 l&rsquo;atelier <br>(Sashiko et Th\u00e9matique)<\/td><td class=\"has-text-align-center\" data-align=\"center\">30 \u20ac<\/td><\/tr><tr><td class=\"has-text-align-center\" data-align=\"center\">Abonnement Annuel Sashiko<\/td><td class=\"has-text-align-center\" data-align=\"center\">500 \u20ac<sup>*<\/sup><\/td><\/tr><\/tbody><\/table><figcaption class=\"wp-element-caption\">* correspond \u00e0 une remise de 7,5% sur le prix de base de 18 cours \/ \/ Possibilit\u00e9 de payer en une fois ou en mensualit\u00e9 sur 10 mois<\/figcaption><\/figure>\n\n\n\n<h2 class=\"wp-block-heading\">Informations g\u00e9n\u00e9rales<\/h2>\n\n\n\n<p>Le r\u00e8glement des cours se fait en priorit\u00e9 par virement, contre facture. Pour les cours individuels, le r\u00e8glement en esp\u00e8ce peut \u00eatre envisag\u00e9 au cas par cas.<\/p>\n","protected":false},"excerpt":{"rendered":"<p>Cours Individuels \u00c0 vous de choisir la dur\u00e9e et la fr\u00e9quence des cours!! Les cours individuels peuvent se d\u00e9rouler du Lundi au Samedi, hors plages &hellip; <\/p>\n","protected":false},"author":1,"featured_media":0,"parent":0,"menu_order":0,"comment_status":"closed","ping_status":"closed","template":"","meta":{"footnotes":""},"class_list":["post-608","page","type-page","status-publish","hentry","latest_post"],"jetpack_sharing_enabled":true,"jetpack_likes_enabled":true,"_links":{"self":[{"href":"https:\/\/marionateliercouture.fr\/index.php\/wp-json\/wp\/v2\/pages\/608","targetHints":{"allow":["GET"]}}],"collection":[{"href":"https:\/\/marionateliercouture.fr\/index.php\/wp-json\/wp\/v2\/pages"}],"about":[{"href":"https:\/\/marionateliercouture.fr\/index.php\/wp-json\/wp\/v2\/types\/page"}],"author":[{"embeddable":true,"href":"https:\/\/marionateliercouture.fr\/index.php\/wp-json\/wp\/v2\/users\/1"}],"replies":[{"embeddable":true,"href":"https:\/\/marionateliercouture.fr\/index.php\/wp-json\/wp\/v2\/comments?post=608"}],"version-history":[{"count":14,"href":"https:\/\/marionateliercouture.fr\/index.php\/wp-json\/wp\/v2\/pages\/608\/revisions"}],"predecessor-version":[{"id":933,"href":"https:\/\/marionateliercouture.fr\/index.php\/wp-json\/wp\/v2\/pages\/608\/revisions\/933"}],"wp:attachment":[{"href":"https:\/\/marionateliercouture.fr\/index.php\/wp-json\/wp\/v2\/media?parent=608"}],"curies":[{"name":"wp","href":"https:\/\/api.w.org\/{rel}","templated":true}]}}