{"id":666,"date":"2023-07-27T15:16:59","date_gmt":"2023-07-27T13:16:59","guid":{"rendered":"https:\/\/marionateliercouture.fr\/?page_id=666"},"modified":"2023-08-03T15:46:49","modified_gmt":"2023-08-03T13:46:49","slug":"calendrier","status":"publish","type":"page","link":"https:\/\/marionateliercouture.fr\/index.php\/calendrier\/","title":{"rendered":"Calendrier"},"content":{"rendered":"\t\t<form id=\"bookacti-form-4-1079436076\" class=\"bookacti-booking-form bookacti-booking-form-4 \" autocomplete=\"off\" >\n\t\t\t\t<input type='hidden' name='form_id' value='4'\/>\n\t\t\t<input type='hidden' name='action' value='bookactiSubmitBookingForm'\/>\n\t\t\t<div class='bookacti-form-field-container bookacti-form-field-name-calendar bookacti-form-field-type-calendar bookacti-form-field-id-13' id='bookacti-form-field-calendar-13-form-4-1079436076' data-field-name=\"calendar\" data-field-type=\"calendar\" data-field-id=\"13\">\n\t\t\t<div class='bookacti-form-field-content' >\n\t\t\n\t<div class='bookacti-booking-system-container' id='bookacti-booking-system-form-4-1079436076-container'>\n\t\t<script>\n\t\t\t\/\/ Compatibility with Optimization plugins\n\t\t\tif( typeof bookacti === 'undefined' ) { var bookacti = { booking_system:[] }; }\n\t\t\tbookacti.booking_system[ 'bookacti-booking-system-form-4-1079436076' ] = {\"events\":[],\"events_data\":[],\"events_interval\":{\"start\":\"2026-04-24 15:36:55\",\"end\":\"2026-04-24 15:36:55\"},\"events_min_interval\":[],\"bookings\":[],\"groups_bookings\":[],\"booking_lists\":[],\"activities_data\":[],\"groups_events\":[],\"groups_data\":[],\"group_categories_data\":[],\"no_events\":0,\"id\":\"bookacti-booking-system-form-4-1079436076\",\"class\":\"\",\"hide_availability\":100,\"hide_calendar\":[\"none\"],\"calendars\":[1],\"activities\":[3,5,9,1,2,7,6,8],\"group_categories\":[\"none\"],\"groups_only\":0,\"groups_single_events\":0,\"groups_first_event_only\":0,\"multiple_bookings\":1,\"bookings_only\":0,\"tooltip_booking_list\":0,\"tooltip_booking_list_columns\":[],\"status\":[],\"user_id\":[],\"method\":\"calendar\",\"auto_load\":0,\"display_period\":{\"start\":\"2026-04-24 15:36:55\",\"end\":\"\"},\"availability_period\":{\"start\":\"2026-04-24 15:36:55\",\"end\":\"\"},\"start\":\"2026-04-24 15:36:55\",\"end\":\"\",\"trim\":1,\"out_of_period_events\":0,\"past_events\":0,\"past_events_bookable\":0,\"use_global_days_off\":0,\"days_off\":[],\"check_roles\":1,\"picked_events\":[],\"form_id\":4,\"form_action\":\"default\",\"when_perform_form_action\":\"on_submit\",\"select_first_event\":0,\"redirect_url_by_activity\":{\"1\":\"https:\\\/\\\/marionateliercouture.fr\\\/index.php\\\/reservation\\\/\",\"2\":\"https:\\\/\\\/marionateliercouture.fr\\\/index.php\\\/reservation\\\/\",\"3\":\"https:\\\/\\\/marionateliercouture.fr\\\/index.php\\\/reservation\\\/\",\"5\":\"https:\\\/\\\/marionateliercouture.fr\\\/index.php\\\/reservation\\\/\",\"6\":\"https:\\\/\\\/marionateliercouture.fr\\\/index.php\\\/reservation\\\/\",\"7\":\"https:\\\/\\\/marionateliercouture.fr\\\/index.php\\\/reservation\\\/\"},\"redirect_url_by_group_category\":[],\"display_data\":{\"slotMinTime\":\"10:00\",\"slotMaxTime\":\"21:00\"},\"context\":\"\",\"custom_dataset\":\"\",\"product_by_activity\":[],\"product_by_group_category\":[],\"products_page_url\":[]};\n\t\t<\/script>\n\t\t\t\t\n\t\t<div class='bookacti-booking-system-inputs'>\n\t\t\t\t\t<\/div>\n\t\t\n\t\t\t\t\n\t\t<div id='bookacti-booking-system-form-4-1079436076' class='bookacti-booking-system '>\n\t\t\t\t\t<div class='bookacti-calendar-title bookacti-booking-system-title '>\n\t\t\tChoisissez un \u00e9v\u00e8nement sur le calendrier\u00a0:\t\t<\/div>\n\t\t<div class='bookacti-calendar '><\/div>\n\t\t\t<\/div>\n\t\t\n\t\t\t\t\n\t\t<div class='bookacti-picked-events' style='display:none;'>\n\t\t\t<div class='bookacti-picked-events-list-title'><\/div>\n\t\t\t<ul class='bookacti-picked-events-list bookacti-custom-scrollbar'>\n\t\t\t\t\t\t\t<\/ul>\n\t\t<\/div>\n\t\t\n\t\t<div class='bookacti-notices' style='display:none;'>\n\t\t\t\t\t<\/div>\n\t\t\n\t\t<div class='bookacti-tooltips-container'>\n\t\t\t\t\t<\/div>\n\t\t\n\t\t\t<\/div>\n\t<div id='bookacti-booking-system-form-4-1079436076-dialogs' class='bookacti-booking-system-dialogs'>\n\t\t\t<!-- Choose a group of events -->\n\t<div id='bookacti-booking-system-form-4-1079436076-choose-group-of-events-dialog' \n\t\t data-booking-system-id='bookacti-booking-system-form-4-1079436076' \n\t\t class='bookacti-backend-dialog bookacti-choose-group-of-events-dialog bookacti-booking-system-dialog' \n\t\t title='Cet \u00e9v\u00e8nement est disponible dans plusieurs groupes' \n\t\t style='display:none;' >\n\t\tQuel groupe d&#039;\u00e9v\u00e8nements voulez-vous s\u00e9lectionner&nbsp;?\t\t<div id='bookacti-booking-system-form-4-1079436076-groups-of-events-list' class='bookacti-groups-of-events-list' ><\/div>\n\t<\/div>\n\n\t\t<\/div>\n\t\t\t<\/div>\n\t<\/div>\n\t<div class='bookacti-form-field-container bookacti-form-field-name-submit bookacti-form-field-type-submit bookacti-form-field-id-19' id='bookacti-form-field-submit-19-form-4-1079436076' data-field-name=\"submit\" data-field-type=\"submit\" data-field-id=\"19\">\r\n\t\t<input type='submit' class='bookacti-submit-form button' value='R\u00e9server'\/>\r\n\t\t<input type='button' class='bookacti-new-booking-button button' value='Faire une nouvelle r\u00e9servation' style='display:none;'\/>\r\n\t<\/div>\r\n\t\t<div class='bookacti-form-field-container bookacti-form-field-name-quantity bookacti-form-field-type-quantity  bookacti-hidden-field' id='bookacti-compulsory-quantity-field' data-field-name=\"quantity\" data-field-type=\"quantity\">\n\t\t\t<div class='bookacti-form-field-label' >\n\t\t\t<label>\n\t\t\tQuantit\u00e9<span class=\"bookacti-required-field-indicator\" title=\"Champ obligatoire\"><\/span>\t\t\t<\/label>\n\t\t\t\t<\/div>\n\t\t\t<div class='bookacti-form-field-content' >\n\t\t\t\t<input type='number' \r\n\t\t\t\tname='quantity' \r\n\t\t\t\tvalue='1' \r\n\t\t\t\tautocomplete='off'\r\n\t\t\t\tid='1ac5080e4e1830021d09996a879b8d6a' \r\n\t\t\t\tclass='bookacti-input bookacti-form-field bookacti-quantity' \r\n\t\t\t\t\t\t\tplaceholder='' \r\n\t\t\t\t\t\t\tmin='1' \r\n\t\t\t\tmax=''\r\n\t\t\t\tstep=''\r\n\t\t\t\t\t\/>\r\n\t\t\t<\/div>\n\t<\/div>\n\t\t\t<div class='bookacti-notices' style='display:none;'><\/div>\n\t\t\t<\/form>\n\t\n","protected":false},"excerpt":{"rendered":"","protected":false},"author":1,"featured_media":0,"parent":0,"menu_order":0,"comment_status":"closed","ping_status":"closed","template":"","meta":{"footnotes":""},"class_list":["post-666","page","type-page","status-publish","hentry","latest_post"],"jetpack_sharing_enabled":true,"jetpack_likes_enabled":true,"_links":{"self":[{"href":"https:\/\/marionateliercouture.fr\/index.php\/wp-json\/wp\/v2\/pages\/666","targetHints":{"allow":["GET"]}}],"collection":[{"href":"https:\/\/marionateliercouture.fr\/index.php\/wp-json\/wp\/v2\/pages"}],"about":[{"href":"https:\/\/marionateliercouture.fr\/index.php\/wp-json\/wp\/v2\/types\/page"}],"author":[{"embeddable":true,"href":"https:\/\/marionateliercouture.fr\/index.php\/wp-json\/wp\/v2\/users\/1"}],"replies":[{"embeddable":true,"href":"https:\/\/marionateliercouture.fr\/index.php\/wp-json\/wp\/v2\/comments?post=666"}],"version-history":[{"count":4,"href":"https:\/\/marionateliercouture.fr\/index.php\/wp-json\/wp\/v2\/pages\/666\/revisions"}],"predecessor-version":[{"id":715,"href":"https:\/\/marionateliercouture.fr\/index.php\/wp-json\/wp\/v2\/pages\/666\/revisions\/715"}],"wp:attachment":[{"href":"https:\/\/marionateliercouture.fr\/index.php\/wp-json\/wp\/v2\/media?parent=666"}],"curies":[{"name":"wp","href":"https:\/\/api.w.org\/{rel}","templated":true}]}}