{"id":881,"date":"2024-01-17T11:25:46","date_gmt":"2024-01-17T10:25:46","guid":{"rendered":"https:\/\/marionateliercouture.fr\/?page_id=881"},"modified":"2024-01-17T11:25:49","modified_gmt":"2024-01-17T10:25:49","slug":"en-image","status":"publish","type":"page","link":"https:\/\/marionateliercouture.fr\/index.php\/en-image\/","title":{"rendered":"EN IMAGE&#8230;"},"content":{"rendered":"\n<div class=\"wp-block-columns is-layout-flex wp-container-core-columns-is-layout-9d6595d7 wp-block-columns-is-layout-flex\">\n<div class=\"wp-block-column is-layout-flow wp-block-column-is-layout-flow\">\n<figure class=\"wp-block-image size-full\"><img loading=\"lazy\" decoding=\"async\" width=\"1920\" height=\"2560\" src=\"http:\/\/marionateliercouture.fr\/wp-content\/uploads\/2024\/01\/image_67233281-scaled.jpg\" alt=\"\" class=\"wp-image-894\" srcset=\"https:\/\/marionateliercouture.fr\/wp-content\/uploads\/2024\/01\/image_67233281-scaled.jpg 1920w, https:\/\/marionateliercouture.fr\/wp-content\/uploads\/2024\/01\/image_67233281-225x300.jpg 225w\" sizes=\"auto, (max-width: 1920px) 100vw, 1920px\" \/><figcaption class=\"wp-element-caption\">Atelier HAPPY TRICOT<\/figcaption><\/figure>\n\n\n\n<p style=\"font-size:14px\"><\/p>\n\n\n\n<figure class=\"wp-block-image size-large\"><img loading=\"lazy\" decoding=\"async\" width=\"768\" height=\"1024\" src=\"http:\/\/marionateliercouture.fr\/wp-content\/uploads\/2024\/01\/Photo-7-768x1024.jpg\" alt=\"\" class=\"wp-image-903\" srcset=\"https:\/\/marionateliercouture.fr\/wp-content\/uploads\/2024\/01\/Photo-7-768x1024.jpg 768w, https:\/\/marionateliercouture.fr\/wp-content\/uploads\/2024\/01\/Photo-7-225x300.jpg 225w, https:\/\/marionateliercouture.fr\/wp-content\/uploads\/2024\/01\/Photo-7-1152x1536.jpg 1152w, https:\/\/marionateliercouture.fr\/wp-content\/uploads\/2024\/01\/Photo-7-45x60.jpg 45w, https:\/\/marionateliercouture.fr\/wp-content\/uploads\/2024\/01\/Photo-7-600x800.jpg 600w, https:\/\/marionateliercouture.fr\/wp-content\/uploads\/2024\/01\/Photo-7.jpg 1200w\" sizes=\"auto, (max-width: 768px) 100vw, 768px\" \/><figcaption class=\"wp-element-caption\">Sashiko<\/figcaption><\/figure>\n\n\n\n<p><\/p>\n\n\n\n<figure class=\"wp-block-image size-large\"><img loading=\"lazy\" decoding=\"async\" width=\"768\" height=\"1024\" src=\"http:\/\/marionateliercouture.fr\/wp-content\/uploads\/2024\/01\/IMG_9868-768x1024.jpg\" alt=\"\" class=\"wp-image-890\" srcset=\"https:\/\/marionateliercouture.fr\/wp-content\/uploads\/2024\/01\/IMG_9868-768x1024.jpg 768w, https:\/\/marionateliercouture.fr\/wp-content\/uploads\/2024\/01\/IMG_9868-225x300.jpg 225w, https:\/\/marionateliercouture.fr\/wp-content\/uploads\/2024\/01\/IMG_9868-1152x1536.jpg 1152w, https:\/\/marionateliercouture.fr\/wp-content\/uploads\/2024\/01\/IMG_9868-1536x2048.jpg 1536w, https:\/\/marionateliercouture.fr\/wp-content\/uploads\/2024\/01\/IMG_9868-45x60.jpg 45w, https:\/\/marionateliercouture.fr\/wp-content\/uploads\/2024\/01\/IMG_9868-600x800.jpg 600w, https:\/\/marionateliercouture.fr\/wp-content\/uploads\/2024\/01\/IMG_9868-scaled.jpg 1920w\" sizes=\"auto, (max-width: 768px) 100vw, 768px\" \/><figcaption class=\"wp-element-caption\">Atelier Sashiko avec le SAAS Aubervilliers<\/figcaption><\/figure>\n<\/div>\n\n\n\n<div class=\"wp-block-column is-layout-flow wp-block-column-is-layout-flow\">\n<div style=\"height:100px\" aria-hidden=\"true\" class=\"wp-block-spacer\"><\/div>\n\n\n\n<figure class=\"wp-block-image size-large\"><img loading=\"lazy\" decoding=\"async\" width=\"1024\" height=\"768\" src=\"http:\/\/marionateliercouture.fr\/wp-content\/uploads\/2024\/01\/IMG_9750-1024x768.jpg\" alt=\"\" class=\"wp-image-885\" srcset=\"https:\/\/marionateliercouture.fr\/wp-content\/uploads\/2024\/01\/IMG_9750-1024x768.jpg 1024w, https:\/\/marionateliercouture.fr\/wp-content\/uploads\/2024\/01\/IMG_9750-300x225.jpg 300w, https:\/\/marionateliercouture.fr\/wp-content\/uploads\/2024\/01\/IMG_9750-768x576.jpg 768w, https:\/\/marionateliercouture.fr\/wp-content\/uploads\/2024\/01\/IMG_9750-1536x1152.jpg 1536w, https:\/\/marionateliercouture.fr\/wp-content\/uploads\/2024\/01\/IMG_9750-2048x1536.jpg 2048w, https:\/\/marionateliercouture.fr\/wp-content\/uploads\/2024\/01\/IMG_9750-80x60.jpg 80w, https:\/\/marionateliercouture.fr\/wp-content\/uploads\/2024\/01\/IMG_9750-600x450.jpg 600w\" sizes=\"auto, (max-width: 1024px) 100vw, 1024px\" \/><figcaption class=\"wp-element-caption\">Atelier Couture Adulte<\/figcaption><\/figure>\n\n\n\n<p><\/p>\n\n\n\n<figure class=\"wp-block-gallery has-nested-images columns-default is-cropped wp-block-gallery-1 is-layout-flex wp-block-gallery-is-layout-flex\">\n<figure class=\"wp-block-image size-full\"><img loading=\"lazy\" decoding=\"async\" width=\"1920\" height=\"2560\" data-id=\"883\" src=\"https:\/\/marionateliercouture.fr\/wp-content\/uploads\/2024\/01\/IMG_9755-scaled.jpg\" alt=\"\" class=\"wp-image-883\" srcset=\"https:\/\/marionateliercouture.fr\/wp-content\/uploads\/2024\/01\/IMG_9755-scaled.jpg 1920w, https:\/\/marionateliercouture.fr\/wp-content\/uploads\/2024\/01\/IMG_9755-225x300.jpg 225w, https:\/\/marionateliercouture.fr\/wp-content\/uploads\/2024\/01\/IMG_9755-768x1024.jpg 768w, https:\/\/marionateliercouture.fr\/wp-content\/uploads\/2024\/01\/IMG_9755-1152x1536.jpg 1152w, https:\/\/marionateliercouture.fr\/wp-content\/uploads\/2024\/01\/IMG_9755-1536x2048.jpg 1536w, https:\/\/marionateliercouture.fr\/wp-content\/uploads\/2024\/01\/IMG_9755-45x60.jpg 45w, https:\/\/marionateliercouture.fr\/wp-content\/uploads\/2024\/01\/IMG_9755-600x800.jpg 600w\" sizes=\"auto, (max-width: 1920px) 100vw, 1920px\" \/><figcaption class=\"wp-element-caption\">Sac r\u00e9versible r\u00e9alis\u00e9 en atelier<\/figcaption><\/figure>\n\n\n\n<figure class=\"wp-block-image size-full\"><img loading=\"lazy\" decoding=\"async\" width=\"1920\" height=\"2560\" data-id=\"882\" src=\"https:\/\/marionateliercouture.fr\/wp-content\/uploads\/2024\/01\/IMG_9754-scaled.jpg\" alt=\"\" class=\"wp-image-882\" srcset=\"https:\/\/marionateliercouture.fr\/wp-content\/uploads\/2024\/01\/IMG_9754-scaled.jpg 1920w, https:\/\/marionateliercouture.fr\/wp-content\/uploads\/2024\/01\/IMG_9754-225x300.jpg 225w, https:\/\/marionateliercouture.fr\/wp-content\/uploads\/2024\/01\/IMG_9754-768x1024.jpg 768w, https:\/\/marionateliercouture.fr\/wp-content\/uploads\/2024\/01\/IMG_9754-1152x1536.jpg 1152w, https:\/\/marionateliercouture.fr\/wp-content\/uploads\/2024\/01\/IMG_9754-1536x2048.jpg 1536w, https:\/\/marionateliercouture.fr\/wp-content\/uploads\/2024\/01\/IMG_9754-45x60.jpg 45w, https:\/\/marionateliercouture.fr\/wp-content\/uploads\/2024\/01\/IMG_9754-600x800.jpg 600w\" sizes=\"auto, (max-width: 1920px) 100vw, 1920px\" \/><\/figure>\n<\/figure>\n\n\n\n<p><\/p>\n\n\n\n<figure class=\"wp-block-image size-large\"><img loading=\"lazy\" decoding=\"async\" width=\"768\" height=\"1024\" src=\"http:\/\/marionateliercouture.fr\/wp-content\/uploads\/2024\/01\/image_67209217-768x1024.jpg\" alt=\"\" class=\"wp-image-895\" srcset=\"https:\/\/marionateliercouture.fr\/wp-content\/uploads\/2024\/01\/image_67209217-768x1024.jpg 768w, https:\/\/marionateliercouture.fr\/wp-content\/uploads\/2024\/01\/image_67209217-225x300.jpg 225w, https:\/\/marionateliercouture.fr\/wp-content\/uploads\/2024\/01\/image_67209217-1152x1536.jpg 1152w, https:\/\/marionateliercouture.fr\/wp-content\/uploads\/2024\/01\/image_67209217-1536x2048.jpg 1536w, https:\/\/marionateliercouture.fr\/wp-content\/uploads\/2024\/01\/image_67209217-45x60.jpg 45w, https:\/\/marionateliercouture.fr\/wp-content\/uploads\/2024\/01\/image_67209217-600x800.jpg 600w, https:\/\/marionateliercouture.fr\/wp-content\/uploads\/2024\/01\/image_67209217-scaled.jpg 1920w\" sizes=\"auto, (max-width: 768px) 100vw, 768px\" \/><figcaption class=\"wp-element-caption\">Atelier HAPPY TRICOT<\/figcaption><\/figure>\n\n\n\n<p><\/p>\n<\/div>\n<\/div>\n\n\n\n<p><\/p>\n\n\n\n<p><\/p>\n","protected":false},"excerpt":{"rendered":"","protected":false},"author":1,"featured_media":0,"parent":0,"menu_order":0,"comment_status":"closed","ping_status":"closed","template":"","meta":{"footnotes":""},"class_list":["post-881","page","type-page","status-publish","hentry","latest_post"],"jetpack_sharing_enabled":true,"jetpack_likes_enabled":true,"_links":{"self":[{"href":"https:\/\/marionateliercouture.fr\/index.php\/wp-json\/wp\/v2\/pages\/881","targetHints":{"allow":["GET"]}}],"collection":[{"href":"https:\/\/marionateliercouture.fr\/index.php\/wp-json\/wp\/v2\/pages"}],"about":[{"href":"https:\/\/marionateliercouture.fr\/index.php\/wp-json\/wp\/v2\/types\/page"}],"author":[{"embeddable":true,"href":"https:\/\/marionateliercouture.fr\/index.php\/wp-json\/wp\/v2\/users\/1"}],"replies":[{"embeddable":true,"href":"https:\/\/marionateliercouture.fr\/index.php\/wp-json\/wp\/v2\/comments?post=881"}],"version-history":[{"count":2,"href":"https:\/\/marionateliercouture.fr\/index.php\/wp-json\/wp\/v2\/pages\/881\/revisions"}],"predecessor-version":[{"id":1027,"href":"https:\/\/marionateliercouture.fr\/index.php\/wp-json\/wp\/v2\/pages\/881\/revisions\/1027"}],"wp:attachment":[{"href":"https:\/\/marionateliercouture.fr\/index.php\/wp-json\/wp\/v2\/media?parent=881"}],"curies":[{"name":"wp","href":"https:\/\/api.w.org\/{rel}","templated":true}]}}