{"id":856,"date":"2023-12-22T09:03:30","date_gmt":"2023-12-22T08:03:30","guid":{"rendered":"https:\/\/marionateliercouture.fr\/?post_type=product&#038;p=856"},"modified":"2025-07-10T18:54:12","modified_gmt":"2025-07-10T16:54:12","slug":"carte-cadeau-cours-de-couture-individuel","status":"publish","type":"product","link":"https:\/\/marionateliercouture.fr\/index.php\/produit\/carte-cadeau-cours-de-couture-individuel\/","title":{"rendered":"Carte Cadeau &#8211; Cours de couture individuel 1h"},"content":{"rendered":"<p>Carte Cadeau d&rsquo;un montant de 20 \u20ac, utilisable pour un cours individuel \u00e0 votre domicile.<\/p>\n<p>Dur\u00e9e du cours : 1h.<\/p>\n<p>La Carte Cadeau est envoy\u00e9e par mail sous 48h apr\u00e8s la date d&rsquo;achat.<\/p>\n","protected":false},"excerpt":{"rendered":"<p>Carte Cadeau d&rsquo;un montant de 20 \u20ac, utilisable pour un cours individuel \u00e0 votre domicile. Dur\u00e9e du cours : 1h. La Carte Cadeau est envoy\u00e9e &hellip; <\/p>\n","protected":false},"featured_media":649,"comment_status":"open","ping_status":"closed","template":"","meta":{"jetpack_publicize_message":"","jetpack_publicize_feature_enabled":true,"jetpack_social_post_already_shared":true,"jetpack_social_options":{"image_generator_settings":{"template":"highway","default_image_id":0,"font":"","enabled":false},"version":2}},"product_brand":[],"product_cat":[33],"product_tag":[],"class_list":{"0":"post-856","1":"product","2":"type-product","3":"status-publish","4":"has-post-thumbnail","6":"product_cat-non-classe","7":"latest_post","9":"first","10":"instock","11":"downloadable","12":"shipping-taxable","13":"purchasable","14":"product-type-simple"},"jetpack_publicize_connections":[],"jetpack_sharing_enabled":true,"jetpack_likes_enabled":true,"_links":{"self":[{"href":"https:\/\/marionateliercouture.fr\/index.php\/wp-json\/wp\/v2\/product\/856","targetHints":{"allow":["GET"]}}],"collection":[{"href":"https:\/\/marionateliercouture.fr\/index.php\/wp-json\/wp\/v2\/product"}],"about":[{"href":"https:\/\/marionateliercouture.fr\/index.php\/wp-json\/wp\/v2\/types\/product"}],"replies":[{"embeddable":true,"href":"https:\/\/marionateliercouture.fr\/index.php\/wp-json\/wp\/v2\/comments?post=856"}],"wp:featuredmedia":[{"embeddable":true,"href":"https:\/\/marionateliercouture.fr\/index.php\/wp-json\/wp\/v2\/media\/649"}],"wp:attachment":[{"href":"https:\/\/marionateliercouture.fr\/index.php\/wp-json\/wp\/v2\/media?parent=856"}],"wp:term":[{"taxonomy":"product_brand","embeddable":true,"href":"https:\/\/marionateliercouture.fr\/index.php\/wp-json\/wp\/v2\/product_brand?post=856"},{"taxonomy":"product_cat","embeddable":true,"href":"https:\/\/marionateliercouture.fr\/index.php\/wp-json\/wp\/v2\/product_cat?post=856"},{"taxonomy":"product_tag","embeddable":true,"href":"https:\/\/marionateliercouture.fr\/index.php\/wp-json\/wp\/v2\/product_tag?post=856"}],"curies":[{"name":"wp","href":"https:\/\/api.w.org\/{rel}","templated":true}]}}