{"id":857,"date":"2023-12-22T09:05:43","date_gmt":"2023-12-22T08:05:43","guid":{"rendered":"https:\/\/marionateliercouture.fr\/?post_type=product&#038;p=857"},"modified":"2025-07-10T18:54:05","modified_gmt":"2025-07-10T16:54:05","slug":"carte-cadeau-cours-de-couture-individuel-2h","status":"publish","type":"product","link":"https:\/\/marionateliercouture.fr\/index.php\/produit\/carte-cadeau-cours-de-couture-individuel-2h\/","title":{"rendered":"Carte Cadeau &#8211; Cours de couture individuel 2h"},"content":{"rendered":"<p>Carte Cadeau d&rsquo;un montant de 38 \u20ac, utilisable pour un cours individuel \u00e0 votre domicile.<\/p>\n<p>Dur\u00e9e du cours : 2h.<\/p>\n<p>La Carte Cadeau est envoy\u00e9e par mail sous 48h apr\u00e8s la date d\u2019achat.<\/p>\n","protected":false},"excerpt":{"rendered":"<p>Carte Cadeau d&rsquo;un montant de 38 \u20ac, utilisable pour un cours individuel \u00e0 votre domicile. Dur\u00e9e du cours : 2h. La Carte Cadeau est envoy\u00e9e &hellip; <\/p>\n","protected":false},"featured_media":646,"comment_status":"open","ping_status":"closed","template":"","meta":{"jetpack_publicize_message":"","jetpack_publicize_feature_enabled":true,"jetpack_social_post_already_shared":true,"jetpack_social_options":{"image_generator_settings":{"template":"highway","default_image_id":0,"font":"","enabled":false},"version":2}},"product_brand":[],"product_cat":[33],"product_tag":[],"class_list":{"0":"post-857","1":"product","2":"type-product","3":"status-publish","4":"has-post-thumbnail","6":"product_cat-non-classe","7":"latest_post","9":"first","10":"instock","11":"downloadable","12":"shipping-taxable","13":"purchasable","14":"product-type-simple"},"jetpack_publicize_connections":[],"jetpack_sharing_enabled":true,"jetpack_likes_enabled":true,"_links":{"self":[{"href":"https:\/\/marionateliercouture.fr\/index.php\/wp-json\/wp\/v2\/product\/857","targetHints":{"allow":["GET"]}}],"collection":[{"href":"https:\/\/marionateliercouture.fr\/index.php\/wp-json\/wp\/v2\/product"}],"about":[{"href":"https:\/\/marionateliercouture.fr\/index.php\/wp-json\/wp\/v2\/types\/product"}],"replies":[{"embeddable":true,"href":"https:\/\/marionateliercouture.fr\/index.php\/wp-json\/wp\/v2\/comments?post=857"}],"wp:featuredmedia":[{"embeddable":true,"href":"https:\/\/marionateliercouture.fr\/index.php\/wp-json\/wp\/v2\/media\/646"}],"wp:attachment":[{"href":"https:\/\/marionateliercouture.fr\/index.php\/wp-json\/wp\/v2\/media?parent=857"}],"wp:term":[{"taxonomy":"product_brand","embeddable":true,"href":"https:\/\/marionateliercouture.fr\/index.php\/wp-json\/wp\/v2\/product_brand?post=857"},{"taxonomy":"product_cat","embeddable":true,"href":"https:\/\/marionateliercouture.fr\/index.php\/wp-json\/wp\/v2\/product_cat?post=857"},{"taxonomy":"product_tag","embeddable":true,"href":"https:\/\/marionateliercouture.fr\/index.php\/wp-json\/wp\/v2\/product_tag?post=857"}],"curies":[{"name":"wp","href":"https:\/\/api.w.org\/{rel}","templated":true}]}}